{"id":370,"date":"2024-06-25T12:55:24","date_gmt":"2024-06-25T12:55:24","guid":{"rendered":"https:\/\/www.kontraolasurftenerife.com\/?page_id=370"},"modified":"2024-08-19T09:16:40","modified_gmt":"2024-08-19T09:16:40","slug":"aviso-legal","status":"publish","type":"page","link":"https:\/\/www.kontraolasurftenerife.com\/fr\/avis-juridique\/","title":{"rendered":"Avis juridique"},"content":{"rendered":"<p>[et_pb_section fb_built=\u00bb1&#8243; _builder_version=\u00bb4.25.1&#8243; _module_preset=\u00bbdefault\u00bb global_colors_info=\u00bb{}\u00bb][et_pb_row _builder_version=\u00bb4.25.1&#8243; _module_preset=\u00bbdefault\u00bb global_colors_info=\u00bb{}\u00bb][et_pb_column type=\u00bb4_4&#8243; _builder_version=\u00bb4.25.1&#8243; _module_preset=\u00bbdefault\u00bb global_colors_info=\u00bb{}\u00bb][et_pb_text _builder_version=\u00bb4.27.0&#8243; _module_preset=\u00bbdefault\u00bb hover_enabled=\u00bb0&#8243; global_colors_info=\u00bb{%22gcid-0d801b7f-cc38-4b14-95d5-6671dcc700bc%22:%91%22link_text_color%22%93}\u00bb link_text_color=\u00bbgcid-0d801b7f-cc38-4b14-95d5-6671dcc700bc\u00bb sticky_enabled=\u00bb0&#8243;]<\/p>\n<header class=\"entry-header ast-no-thumbnail ast-no-meta\">\n<h1 class=\"entry-title\">Avis juridique<\/h1>\n<\/header>\n<div class=\"entry-content clear\">\n<p><strong><u>INFORMATIONS D'IDENTIFICATION<\/u><\/strong><\/p>\n<p>Conform\u00e9ment \u00e0 l'obligation de fournir les informations vis\u00e9es \u00e0 l'article 10 de la loi 34\/2002, du 11 juillet, sur les services de la soci\u00e9t\u00e9 de l'information et le commerce \u00e9lectronique, les informations suivantes sur le propri\u00e9taire de la soci\u00e9t\u00e9 sont indiqu\u00e9es ci-dessous\u00a0<a href=\"https:\/\/kontraolasurftenerife.com\/es\/\">https:\/\/kontraolasurftenerife.com\/es\/<\/a>\u00a0(ci-apr\u00e8s d\u00e9nomm\u00e9 \"site web\") :<\/p>\n<ul>\n<li>KONTRAOLA SURF, S.L.<\/li>\n<li>NUM\u00c9RO DE TVA B44867109<\/li>\n<li>Si\u00e8ge social : Calle Caracas 23 - Playa de Las Am\u00e9ricas<\/li>\n<li>C.P. 38640 - Arona, Santa Cruz de Tenerife.<\/li>\n<li>Inscrit au registre du commerce de Tenerife, dans le volume 3846, folio 74, page TF-69746.<\/li>\n<li>Courriel de contact : kontraola@gmail.com<\/li>\n<li>T\u00e9l\u00e9phone de contact : +34629629301<\/li>\n<\/ul>\n<p><strong><u>CONDITIONS D'UTILISATION<\/u><\/strong><\/p>\n<p>L'acc\u00e8s et\/ou l'utilisation de ce site web, propri\u00e9t\u00e9 de KONTRAOLA SURF, S.L., conf\u00e8re la condition d'UTILISATEUR qui accepte depuis ledit acc\u00e8s et\/ou utilisation les pr\u00e9sentes Conditions G\u00e9n\u00e9rales d'Utilisation qui r\u00e9gulent l'acc\u00e8s et l'utilisation de ce site web.  L'utilisateur s'engage \u00e0 ne pas utiliser l'information publi\u00e9e sur ce site web \u00e0 des fins illicites ou pr\u00e9judiciables, contraires \u00e0 celles d\u00e9finies dans le pr\u00e9sent Avis L\u00e9gal.<\/p>\n<p>L'acc\u00e8s et l'utilisation de l'information contenue dans ce site web est de la responsabilit\u00e9 exclusive de l'utilisateur et KONTRAOLA SURF, S.L. n'est pas responsable des cons\u00e9quences ou des dommages qui peuvent d\u00e9couler de l'utilisation de l'information.<\/p>\n<p>KONTRAOLA SURF, S.L., ne peut garantir l'inexistence d'interruptions ou d'erreurs dans l'acc\u00e8s \u00e0 ce site web, bien qu'elle ait adopt\u00e9 toutes les mesures technologiques n\u00e9cessaires pour les \u00e9viter.<\/p>\n<p><strong><u>PROPRI\u00c9T\u00c9 INTELLECTUELLE ET INDUSTRIELLE<\/u><\/strong><u><\/u><\/p>\n<p>Tous les droits de propri\u00e9t\u00e9 industrielle et intellectuelle de tous les \u00e9l\u00e9ments contenus dans ce site web, y compris les marques, les formats, les conceptions graphiques et les images qui constituent le mod\u00e8le de ce site web, appartiennent aux d\u00e9veloppeurs de ces \u00e9l\u00e9ments.<\/p>\n<p>De m\u00eame, les images, documents, textes et autres fichiers que le propri\u00e9taire de ce site web peut inclure pour configurer cette page \u00e0 l'activit\u00e9 qu'il r\u00e9alise appartiennent \u00e0 KONTRAOLA SURF, S.L.<\/p>\n<p>Dans les deux cas, ils sont prot\u00e9g\u00e9s par les lois espagnoles et internationales sur la propri\u00e9t\u00e9 intellectuelle et industrielle. La reproduction totale ou partielle de ce site Web et de l'un quelconque de ses contenus est express\u00e9ment interdite sans l'autorisation expresse et \u00e9crite des propri\u00e9taires susmentionn\u00e9s. L'acc\u00e8s au site n'implique en aucun cas une renonciation, une transmission, une licence ou une cession de ces droits de la part de ces derniers, sauf indication contraire expresse. L'UTILISATEUR s'engage \u00e0 respecter les droits de propri\u00e9t\u00e9 intellectuelle et industrielle de KONTRAOLA SURF, S.L.<\/p>\n<p><strong><u>LIENS VERS D'AUTRES SITES WEB<\/u><\/strong><\/p>\n<p>Dans le cas o\u00f9 ce site web contiendrait des liens ou des hyperliens vers d'autres sites Internet, KONTRAOLA SURF, S.L., n'exercera aucun contr\u00f4le sur ces sites et leurs contenus. En aucun cas, KONTRAOLA SURF, S.L. n'assumera la responsabilit\u00e9 des contenus de tout lien appartenant \u00e0 un site web externe, ni ne garantira la disponibilit\u00e9 technique, la qualit\u00e9, la fiabilit\u00e9, l'exactitude, l'exhaustivit\u00e9, la pr\u00e9cision et la validit\u00e9 de tout mat\u00e9riel ou information contenu dans ces hyperliens ou dans d'autres sites Internet.  Si vous acc\u00e9dez \u00e0 ces sites web, sachez qu'ils ne sont pas couverts par le pr\u00e9sent avis juridique ni par notre politique de confidentialit\u00e9.<\/p>\n<p><strong><u>MODIFICATION DES PR\u00c9SENTES CONDITIONS ET DE LEUR DUR\u00c9E<\/u><\/strong><\/p>\n<p>KONTRAOLA SURF, S.L. se r\u00e9serve le droit d'apporter les modifications inopin\u00e9es qu'elle juge opportunes \u00e0 son portail, et peut modifier, supprimer ou ajouter des contenus et des services fournis par le biais de celui-ci, ainsi que la fa\u00e7on dont ils sont pr\u00e9sent\u00e9s ou situ\u00e9s sur son site Web, conform\u00e9ment \u00e0 la l\u00e9gislation en vigueur et aux directives des organismes officiels dans ce domaine.<\/p>\n<p>Les pr\u00e9sentes conditions d'utilisation restent en vigueur jusqu'\u00e0 ce qu'elles soient modifi\u00e9es par d'autres conditions d'utilisation d\u00fbment publi\u00e9es.<\/p>\n<p><strong><u>L\u00c9GISLATION ET JURIDICTION<\/u><\/strong><\/p>\n<p>La l\u00e9gislation applicable au contenu du site web est la l\u00e9gislation espagnole et la juridiction correspond aux cours et tribunaux comp\u00e9tents de Santa Cruz de Tenerife.<\/p>\n<p>Derni\u00e8re modification : 21 ao\u00fbt 2023<\/p>\n<\/div>\n<p>[\/et_pb_text][\/et_pb_column][\/et_pb_row][\/et_pb_section].<\/p>","protected":false},"excerpt":{"rendered":"<p>Avis l\u00e9gal INFORMATION D'IDENTIFICATION Conform\u00e9ment \u00e0 l'obligation d'information contenue dans l'article 10 de la Loi 34\/2002, du 11 juillet, Services Soci\u00e9t\u00e9 de l'Information et Commerce \u00c9lectronique, refl\u00e8tent les donn\u00e9es suivantes du propri\u00e9taire de https:\/\/kontraolasurftenerife.com\/es\/ (ci-apr\u00e8s \"Web\") : KONTRAOLA SURF, S.L. CIF B44867109 Si\u00e8ge social \u00e0 Calle Caracas 23 - Playa de Las Americas C.P. 38640 - Arona, Santa Cruz de T\u00e9n\u00e9rife. Inscrit au registre du commerce de Tenerife, volume 3846, folio 74, page TF-69746. E-mail de contact : kontraola@gmail.com T\u00e9l\u00e9phone de contact : +34629629301 TERMES ET CONDITIONS D'UTILISATION L'acc\u00e8s et\/ou l'utilisation de ce site web, propri\u00e9t\u00e9 de KONTRAOLA SURF, S.L., implique la condition de l'UTILISATEUR qui accepte, \u00e0 partir de cet acc\u00e8s et\/ou utilisation, les pr\u00e9sentes Conditions G\u00e9n\u00e9rales d'Utilisation qui r\u00e9gulent l'acc\u00e8s et l'utilisation de ce site web.  L'utilisateur s'engage \u00e0 ne pas utiliser l'information publi\u00e9e sur ce site Web \u00e0 des fins illicites ou pr\u00e9judiciables, contraires \u00e0 celles d\u00e9finies dans le pr\u00e9sent avis juridique. Le cas \u00e9ch\u00e9ant, l'acc\u00e8s et l'utilisation de l'information contenue dans ce site Web rel\u00e8vent de la responsabilit\u00e9 exclusive de l'utilisateur KONTRAOLA SURF, S.L., [...].<\/p>","protected":false},"author":1,"featured_media":0,"parent":0,"menu_order":0,"comment_status":"closed","ping_status":"closed","template":"","meta":{"_et_pb_use_builder":"on","_et_pb_old_content":"","_et_gb_content_width":"","_joinchat":[],"footnotes":""},"class_list":["post-370","page","type-page","status-publish","hentry"],"yoast_head":"<!-- This site is optimized with the Yoast SEO plugin v23.7 - https:\/\/yoast.com\/wordpress\/plugins\/seo\/ -->\n<title>Aviso Legal - Kontraola Surf School<\/title>\n<meta name=\"robots\" content=\"noindex, nofollow\" \/>\n<meta property=\"og:locale\" content=\"fr_FR\" \/>\n<meta property=\"og:type\" content=\"article\" \/>\n<meta property=\"og:title\" content=\"Aviso Legal - Kontraola Surf School\" \/>\n<meta property=\"og:description\" content=\"Aviso Legal INFORMACI\u00d3N IDENTIFICATIVA En cumplimiento con el deber de informaci\u00f3n recogido en el art\u00edculo 10 de la Ley 34\/2002, de 11 de julio, de Servicios de la Sociedad de la Informaci\u00f3n y del Comercio Electr\u00f3nico, a continuaci\u00f3n, se reflejan los siguientes datos del titular de\u00a0https:\/\/kontraolasurftenerife.com\/es\/\u00a0(en adelante, \u201cWeb\u201d): KONTRAOLA SURF, S.L. CIF B44867109 Domicilio Social en Calle Calle Caracas 23 \u2013 Playa de Las Am\u00e9ricas C.P. 38640 \u2013 Arona, Santa Cruz de Tenerife. Inscrita en el Registro Mercantil de Tenerife, en el Tomo 3846, Folio 74, Hoja TF-69746. Correo electr\u00f3nico de contacto: kontraola@gmail.com Tel\u00e9fono de contacto: +34629629301 T\u00c9RMINOS Y CONDICIONES DE USO El acceso y\/o uso de esta Web propiedad de KONTRAOLA SURF, S.L. le atribuye la condici\u00f3n de USUARIO que acepta desde dicho acceso y\/o uso las presentes Condiciones Generales de Uso que regulan el acceso y la utilizaci\u00f3n del presente sitio Web.\u00a0 El usuario se obliga a no utilizar la informaci\u00f3n que se publica en esta Web con fines il\u00edcitos o lesivos contrarios a los definidos en el presente Aviso Legal. En su caso, el acceso, as\u00ed como el uso de la informaci\u00f3n contenida en esta Web, es de exclusiva responsabilidad de quien lo realiza KONTRAOLA SURF, S.L., [&hellip;]\" \/>\n<meta property=\"og:url\" content=\"https:\/\/www.kontraolasurftenerife.com\/fr\/avis-juridique\/\" \/>\n<meta property=\"og:site_name\" content=\"Kontraola Surf School\" \/>\n<meta property=\"article:publisher\" content=\"https:\/\/www.facebook.com\/kontraolasurf\" \/>\n<meta property=\"article:modified_time\" content=\"2024-08-19T09:16:40+00:00\" \/>\n<meta property=\"og:image\" content=\"https:\/\/www.kontraolasurftenerife.com\/wp-content\/uploads\/2024\/06\/galeria-img-04-10-min.jpg\" \/>\n\t<meta property=\"og:image:width\" content=\"1200\" \/>\n\t<meta property=\"og:image:height\" content=\"1000\" \/>\n\t<meta property=\"og:image:type\" content=\"image\/jpeg\" \/>\n<meta name=\"twitter:card\" content=\"summary_large_image\" \/>\n<meta name=\"twitter:label1\" content=\"Dur\u00e9e de lecture estim\u00e9e\" \/>\n\t<meta name=\"twitter:data1\" content=\"4 minutes\" \/>\n<script type=\"application\/ld+json\" class=\"yoast-schema-graph\">{\"@context\":\"https:\/\/schema.org\",\"@graph\":[{\"@type\":\"WebPage\",\"@id\":\"https:\/\/www.kontraolasurftenerife.com\/aviso-legal\/\",\"url\":\"https:\/\/www.kontraolasurftenerife.com\/aviso-legal\/\",\"name\":\"Aviso Legal - Kontraola Surf School\",\"isPartOf\":{\"@id\":\"https:\/\/www.kontraolasurftenerife.com\/#website\"},\"datePublished\":\"2024-06-25T12:55:24+00:00\",\"dateModified\":\"2024-08-19T09:16:40+00:00\",\"breadcrumb\":{\"@id\":\"https:\/\/www.kontraolasurftenerife.com\/aviso-legal\/#breadcrumb\"},\"inLanguage\":\"fr-FR\",\"potentialAction\":[{\"@type\":\"ReadAction\",\"target\":[\"https:\/\/www.kontraolasurftenerife.com\/aviso-legal\/\"]}]},{\"@type\":\"BreadcrumbList\",\"@id\":\"https:\/\/www.kontraolasurftenerife.com\/aviso-legal\/#breadcrumb\",\"itemListElement\":[{\"@type\":\"ListItem\",\"position\":1,\"name\":\"Portada\",\"item\":\"https:\/\/www.kontraolasurftenerife.com\/\"},{\"@type\":\"ListItem\",\"position\":2,\"name\":\"Aviso Legal\"}]},{\"@type\":\"WebSite\",\"@id\":\"https:\/\/www.kontraolasurftenerife.com\/#website\",\"url\":\"https:\/\/www.kontraolasurftenerife.com\/\",\"name\":\"Kontraola Escuela de Surf\",\"description\":\"Kontraola Surf School en Tenerife ofrece clases de surf personalizadas para todos los niveles, impartidas por instructores expertos en la hermosa playa de Las Am\u00e9ricas. Nos apasiona ense\u00f1ar surf mientras fomentamos valores como el trabajo en equipo, la perseverancia y el respeto por el oc\u00e9ano.\",\"publisher\":{\"@id\":\"https:\/\/www.kontraolasurftenerife.com\/#organization\"},\"alternateName\":\"Escuela de Surf en Tenerife\",\"potentialAction\":[{\"@type\":\"SearchAction\",\"target\":{\"@type\":\"EntryPoint\",\"urlTemplate\":\"https:\/\/www.kontraolasurftenerife.com\/?s={search_term_string}\"},\"query-input\":{\"@type\":\"PropertyValueSpecification\",\"valueRequired\":true,\"valueName\":\"search_term_string\"}}],\"inLanguage\":\"fr-FR\"},{\"@type\":\"Organization\",\"@id\":\"https:\/\/www.kontraolasurftenerife.com\/#organization\",\"name\":\"Kontraola Escuela de Surf\",\"alternateName\":\"Escuela de Surf en Tenerife\",\"url\":\"https:\/\/www.kontraolasurftenerife.com\/\",\"logo\":{\"@type\":\"ImageObject\",\"inLanguage\":\"fr-FR\",\"@id\":\"https:\/\/www.kontraolasurftenerife.com\/#\/schema\/logo\/image\/\",\"url\":\"https:\/\/www.kontraolasurftenerife.com\/wp-content\/uploads\/2024\/06\/cropped-logo-kontraola-header.png\",\"contentUrl\":\"https:\/\/www.kontraolasurftenerife.com\/wp-content\/uploads\/2024\/06\/cropped-logo-kontraola-header.png\",\"width\":512,\"height\":512,\"caption\":\"Kontraola Escuela de Surf\"},\"image\":{\"@id\":\"https:\/\/www.kontraolasurftenerife.com\/#\/schema\/logo\/image\/\"},\"sameAs\":[\"https:\/\/www.facebook.com\/kontraolasurf\",\"https:\/\/www.instagram.com\/kontraola_surf_tenerife\/?hl=es\"]}]}<\/script>\n<!-- \/ Yoast SEO plugin. -->","yoast_head_json":{"title":"Aviso Legal - Kontraola Surf School","robots":{"index":"noindex","follow":"nofollow"},"og_locale":"fr_FR","og_type":"article","og_title":"Aviso Legal - Kontraola Surf School","og_description":"Aviso Legal INFORMACI\u00d3N IDENTIFICATIVA En cumplimiento con el deber de informaci\u00f3n recogido en el art\u00edculo 10 de la Ley 34\/2002, de 11 de julio, de Servicios de la Sociedad de la Informaci\u00f3n y del Comercio Electr\u00f3nico, a continuaci\u00f3n, se reflejan los siguientes datos del titular de\u00a0https:\/\/kontraolasurftenerife.com\/es\/\u00a0(en adelante, \u201cWeb\u201d): KONTRAOLA SURF, S.L. CIF B44867109 Domicilio Social en Calle Calle Caracas 23 \u2013 Playa de Las Am\u00e9ricas C.P. 38640 \u2013 Arona, Santa Cruz de Tenerife. Inscrita en el Registro Mercantil de Tenerife, en el Tomo 3846, Folio 74, Hoja TF-69746. Correo electr\u00f3nico de contacto: kontraola@gmail.com Tel\u00e9fono de contacto: +34629629301 T\u00c9RMINOS Y CONDICIONES DE USO El acceso y\/o uso de esta Web propiedad de KONTRAOLA SURF, S.L. le atribuye la condici\u00f3n de USUARIO que acepta desde dicho acceso y\/o uso las presentes Condiciones Generales de Uso que regulan el acceso y la utilizaci\u00f3n del presente sitio Web.\u00a0 El usuario se obliga a no utilizar la informaci\u00f3n que se publica en esta Web con fines il\u00edcitos o lesivos contrarios a los definidos en el presente Aviso Legal. En su caso, el acceso, as\u00ed como el uso de la informaci\u00f3n contenida en esta Web, es de exclusiva responsabilidad de quien lo realiza KONTRAOLA SURF, S.L., [&hellip;]","og_url":"https:\/\/www.kontraolasurftenerife.com\/fr\/avis-juridique\/","og_site_name":"Kontraola Surf School","article_publisher":"https:\/\/www.facebook.com\/kontraolasurf","article_modified_time":"2024-08-19T09:16:40+00:00","og_image":[{"width":1200,"height":1000,"url":"https:\/\/www.kontraolasurftenerife.com\/wp-content\/uploads\/2024\/06\/galeria-img-04-10-min.jpg","type":"image\/jpeg"}],"twitter_card":"summary_large_image","twitter_misc":{"Dur\u00e9e de lecture estim\u00e9e":"4 minutes"},"schema":{"@context":"https:\/\/schema.org","@graph":[{"@type":"WebPage","@id":"https:\/\/www.kontraolasurftenerife.com\/aviso-legal\/","url":"https:\/\/www.kontraolasurftenerife.com\/aviso-legal\/","name":"Aviso Legal - Kontraola Surf School","isPartOf":{"@id":"https:\/\/www.kontraolasurftenerife.com\/#website"},"datePublished":"2024-06-25T12:55:24+00:00","dateModified":"2024-08-19T09:16:40+00:00","breadcrumb":{"@id":"https:\/\/www.kontraolasurftenerife.com\/aviso-legal\/#breadcrumb"},"inLanguage":"fr-FR","potentialAction":[{"@type":"ReadAction","target":["https:\/\/www.kontraolasurftenerife.com\/aviso-legal\/"]}]},{"@type":"BreadcrumbList","@id":"https:\/\/www.kontraolasurftenerife.com\/aviso-legal\/#breadcrumb","itemListElement":[{"@type":"ListItem","position":1,"name":"Portada","item":"https:\/\/www.kontraolasurftenerife.com\/"},{"@type":"ListItem","position":2,"name":"Aviso Legal"}]},{"@type":"WebSite","@id":"https:\/\/www.kontraolasurftenerife.com\/#website","url":"https:\/\/www.kontraolasurftenerife.com\/","name":"Kontraola Escuela de Surf","description":"Kontraola Surf School en Tenerife ofrece clases de surf personalizadas para todos los niveles, impartidas por instructores expertos en la hermosa playa de Las Am\u00e9ricas. Nos apasiona ense\u00f1ar surf mientras fomentamos valores como el trabajo en equipo, la perseverancia y el respeto por el oc\u00e9ano.","publisher":{"@id":"https:\/\/www.kontraolasurftenerife.com\/#organization"},"alternateName":"Escuela de Surf en Tenerife","potentialAction":[{"@type":"SearchAction","target":{"@type":"EntryPoint","urlTemplate":"https:\/\/www.kontraolasurftenerife.com\/?s={search_term_string}"},"query-input":{"@type":"PropertyValueSpecification","valueRequired":true,"valueName":"search_term_string"}}],"inLanguage":"fr-FR"},{"@type":"Organization","@id":"https:\/\/www.kontraolasurftenerife.com\/#organization","name":"Kontraola Escuela de Surf","alternateName":"Escuela de Surf en Tenerife","url":"https:\/\/www.kontraolasurftenerife.com\/","logo":{"@type":"ImageObject","inLanguage":"fr-FR","@id":"https:\/\/www.kontraolasurftenerife.com\/#\/schema\/logo\/image\/","url":"https:\/\/www.kontraolasurftenerife.com\/wp-content\/uploads\/2024\/06\/cropped-logo-kontraola-header.png","contentUrl":"https:\/\/www.kontraolasurftenerife.com\/wp-content\/uploads\/2024\/06\/cropped-logo-kontraola-header.png","width":512,"height":512,"caption":"Kontraola Escuela de Surf"},"image":{"@id":"https:\/\/www.kontraolasurftenerife.com\/#\/schema\/logo\/image\/"},"sameAs":["https:\/\/www.facebook.com\/kontraolasurf","https:\/\/www.instagram.com\/kontraola_surf_tenerife\/?hl=es"]}]}},"_links":{"self":[{"href":"https:\/\/www.kontraolasurftenerife.com\/fr\/wp-json\/wp\/v2\/pages\/370","targetHints":{"allow":["GET"]}}],"collection":[{"href":"https:\/\/www.kontraolasurftenerife.com\/fr\/wp-json\/wp\/v2\/pages"}],"about":[{"href":"https:\/\/www.kontraolasurftenerife.com\/fr\/wp-json\/wp\/v2\/types\/page"}],"author":[{"embeddable":true,"href":"https:\/\/www.kontraolasurftenerife.com\/fr\/wp-json\/wp\/v2\/users\/1"}],"replies":[{"embeddable":true,"href":"https:\/\/www.kontraolasurftenerife.com\/fr\/wp-json\/wp\/v2\/comments?post=370"}],"version-history":[{"count":4,"href":"https:\/\/www.kontraolasurftenerife.com\/fr\/wp-json\/wp\/v2\/pages\/370\/revisions"}],"predecessor-version":[{"id":565,"href":"https:\/\/www.kontraolasurftenerife.com\/fr\/wp-json\/wp\/v2\/pages\/370\/revisions\/565"}],"wp:attachment":[{"href":"https:\/\/www.kontraolasurftenerife.com\/fr\/wp-json\/wp\/v2\/media?parent=370"}],"curies":[{"name":"wp","href":"https:\/\/api.w.org\/{rel}","templated":true}]}}