{"id":370,"date":"2024-06-25T12:55:24","date_gmt":"2024-06-25T12:55:24","guid":{"rendered":"https:\/\/www.kontraolasurftenerife.com\/?page_id=370"},"modified":"2024-08-19T09:16:40","modified_gmt":"2024-08-19T09:16:40","slug":"aviso-legal","status":"publish","type":"page","link":"https:\/\/www.kontraolasurftenerife.com\/en\/legal-notice\/","title":{"rendered":"Legal Notice"},"content":{"rendered":"<p>[et_pb_section fb_built=\u00bb1&#8243; _builder_version=\u00bb4.25.1&#8243; _module_preset=\u00bbdefault\u00bb global_colors_info=\u00bb{}\u00bb][et_pb_row _builder_version=\u00bb4.25.1&#8243; _module_preset=\u00bbdefault\u00bb global_colors_info=\u00bb{}\u00bb][et_pb_column type=\u00bb4_4&#8243; _builder_version=\u00bb4.25.1&#8243; _module_preset=\u00bbdefault\u00bb global_colors_info=\u00bb{}\u00bb][et_pb_text _builder_version=\u00bb4.27.0&#8243; _module_preset=\u00bbdefault\u00bb hover_enabled=\u00bb0&#8243; global_colors_info=\u00bb{%22gcid-0d801b7f-cc38-4b14-95d5-6671dcc700bc%22:%91%22link_text_color%22%93}\u00bb link_text_color=\u00bbgcid-0d801b7f-cc38-4b14-95d5-6671dcc700bc\u00bb sticky_enabled=\u00bb0&#8243;]<\/p>\n<header class=\"entry-header ast-no-thumbnail ast-no-meta\">\n<h1 class=\"entry-title\">Legal Notice<\/h1>\n<\/header>\n<div class=\"entry-content clear\">\n<p><strong><u>IDENTIFYING INFORMATION<\/u><\/strong><\/p>\n<p>In compliance with the duty of information contained in Article 10 of Law 34\/2002, of 11 July, on Information Society Services and Electronic Commerce, the following details of the owner of the company are shown below\u00a0<a href=\"https:\/\/kontraolasurftenerife.com\/es\/\">https:\/\/kontraolasurftenerife.com\/es\/<\/a>\u00a0(hereinafter referred to as the \"Website\"):<\/p>\n<ul>\n<li>KONTRAOLA SURF, S.L.<\/li>\n<li>VAT NUMBER B44867109<\/li>\n<li>Registered Office in Calle Caracas 23 - Playa de Las Am\u00e9ricas<\/li>\n<li>C.P. 38640 - Arona, Santa Cruz de Tenerife.<\/li>\n<li>Registered in the Mercantile Register of Tenerife, in Volume 3846, Folio 74, Page TF-69746.<\/li>\n<li>Contact e-mail: kontraola@gmail.com<\/li>\n<li>Contact telephone number: +34629629301<\/li>\n<\/ul>\n<p><strong><u>TERMS AND CONDITIONS OF USE<\/u><\/strong><\/p>\n<p>The access and\/or use of this web site property of KONTRAOLA SURF, S.L. confers the condition of USER who accepts from said access and\/or use the present General Conditions of Use which regulate the access and use of this web site.  The user undertakes not to use the information published on this website for illicit or harmful purposes contrary to those defined in this Legal Notice.<\/p>\n<p>The access, as well as the use of the information contained in this Web, is the exclusive responsibility of the user. KONTRAOLA SURF, S.L., is not responsible for any consequence or damage that may arise from the use of the information.<\/p>\n<p>KONTRAOLA SURF, S.L., cannot guarantee the non-existence of interruptions or errors in the access to this web site, in spite of having adopted all the necessary technological measures to avoid them.<\/p>\n<p><strong><u>INTELLECTUAL AND INDUSTRIAL PROPERTY<\/u><\/strong><u><\/u><\/p>\n<p>All Industrial and Intellectual Property rights of all elements contained in this website, including trademarks, formats, graphic designs and images that make up the template of this website, belong to the developers of the same.<\/p>\n<p>In the same way, the images, documents, texts, as well as other files that the owner of this website may include in order to configure this page to the activity it carries out, belong to KONTRAOLA SURF, S.L.<\/p>\n<p>In both cases, they are protected by Spanish and international laws on Intellectual and Industrial Property. The total or partial reproduction of this website and any of its contents is expressly prohibited without the express written permission of the aforementioned owners. Access to the website does not imply any kind of waiver, transfer, licence or assignment of said rights by the same, unless expressly stated otherwise. The USER undertakes to respect the Intellectual and Industrial Property rights owned by KONTRAOLA SURF, S.L.<\/p>\n<p><strong><u>LINKS TO OTHER WEBSITES<\/u><\/strong><\/p>\n<p>In the event that this website contains links or hyperlinks to other Internet sites, KONTRAOLA SURF, S.L., will not exercise any control over such sites and content. Under no circumstances will KONTRAOLA SURF, S.L., assume any responsibility for the contents of any link belonging to an external web site, nor guarantee the technical availability, quality, reliability, accuracy, comprehensiveness, accuracy and validity of any material or information contained in any such hyperlinks or other Internet sites.  If you access these websites you should be aware that they are not covered by this Legal Notice and our Privacy Policy.<\/p>\n<p><strong><u>MODIFICATION OF THESE TERMS AND CONDITIONS AND DURATION<\/u><\/strong><\/p>\n<p>KONTRAOLA SURF, S.L. reserves the right to make unannounced changes it deems appropriate in its portal, and may change, delete or add content and services provided through the same as the way in which they are presented or located on its website, in accordance with current legislation and guidelines of the Official Bodies in this area.<\/p>\n<p>These Terms of Use shall remain in effect until modified by other, duly published Terms of Use.<\/p>\n<p><strong><u>LEGISLATION AND JURISDICTION<\/u><\/strong><\/p>\n<p>The legislation applicable to the content of the website shall be Spanish law and jurisdiction shall correspond to the competent Courts and Tribunals in Santa Cruz de Tenerife.<\/p>\n<p>Last modified: 21 August 2023<\/p>\n<\/div>\n<p>[\/et_pb_text][\/et_pb_column][\/et_pb_row][\/et_pb_section].<\/p>","protected":false},"excerpt":{"rendered":"<p>Legal Notice IDENTIFICATION INFORMATION In compliance with the duty of information contained in Article 10 of Law 34\/2002, of July 11, Services Information Society and Electronic Commerce, then reflect the following data of the owner of https:\/\/kontraolasurftenerife.com\/es\/ (hereinafter \"Web\"): KONTRAOLA SURF, S.L. CIF B44867109 Registered Office at Calle Caracas 23 - Playa de Las Americas C.P. 38640 - Arona, Santa Cruz de Tenerife. Registered in the Mercantile Register of Tenerife, in Volume 3846, Folio 74, Page TF-69746. Contact e-mail: kontraola@gmail.com Contact telephone: +34629629301 TERMS AND CONDITIONS OF USE The access and\/or use of this web site property of KONTRAOLA SURF, S.L. confers the condition of USER who accepts from said access and\/or use the present General Conditions of Use which regulate the access and use of the present web site.  The user undertakes not to use the information published on this Web site for illicit or harmful purposes contrary to those defined in this Legal Notice. If applicable, the access, as well as the use of the information contained in this Web, is the exclusive responsibility of the user KONTRAOLA SURF, S.L., [...].<\/p>","protected":false},"author":1,"featured_media":0,"parent":0,"menu_order":0,"comment_status":"closed","ping_status":"closed","template":"","meta":{"_et_pb_use_builder":"on","_et_pb_old_content":"","_et_gb_content_width":"","_joinchat":[],"footnotes":""},"class_list":["post-370","page","type-page","status-publish","hentry"],"yoast_head":"<!-- This site is optimized with the Yoast SEO plugin v23.7 - https:\/\/yoast.com\/wordpress\/plugins\/seo\/ -->\n<title>Aviso Legal - Kontraola Surf School<\/title>\n<meta name=\"robots\" content=\"noindex, nofollow\" \/>\n<meta property=\"og:locale\" content=\"en_GB\" \/>\n<meta property=\"og:type\" content=\"article\" \/>\n<meta property=\"og:title\" content=\"Aviso Legal - Kontraola Surf School\" \/>\n<meta property=\"og:description\" content=\"Aviso Legal INFORMACI\u00d3N IDENTIFICATIVA En cumplimiento con el deber de informaci\u00f3n recogido en el art\u00edculo 10 de la Ley 34\/2002, de 11 de julio, de Servicios de la Sociedad de la Informaci\u00f3n y del Comercio Electr\u00f3nico, a continuaci\u00f3n, se reflejan los siguientes datos del titular de\u00a0https:\/\/kontraolasurftenerife.com\/es\/\u00a0(en adelante, \u201cWeb\u201d): KONTRAOLA SURF, S.L. CIF B44867109 Domicilio Social en Calle Calle Caracas 23 \u2013 Playa de Las Am\u00e9ricas C.P. 38640 \u2013 Arona, Santa Cruz de Tenerife. Inscrita en el Registro Mercantil de Tenerife, en el Tomo 3846, Folio 74, Hoja TF-69746. Correo electr\u00f3nico de contacto: kontraola@gmail.com Tel\u00e9fono de contacto: +34629629301 T\u00c9RMINOS Y CONDICIONES DE USO El acceso y\/o uso de esta Web propiedad de KONTRAOLA SURF, S.L. le atribuye la condici\u00f3n de USUARIO que acepta desde dicho acceso y\/o uso las presentes Condiciones Generales de Uso que regulan el acceso y la utilizaci\u00f3n del presente sitio Web.\u00a0 El usuario se obliga a no utilizar la informaci\u00f3n que se publica en esta Web con fines il\u00edcitos o lesivos contrarios a los definidos en el presente Aviso Legal. En su caso, el acceso, as\u00ed como el uso de la informaci\u00f3n contenida en esta Web, es de exclusiva responsabilidad de quien lo realiza KONTRAOLA SURF, S.L., [&hellip;]\" \/>\n<meta property=\"og:url\" content=\"https:\/\/www.kontraolasurftenerife.com\/en\/legal-notice\/\" \/>\n<meta property=\"og:site_name\" content=\"Kontraola Surf School\" \/>\n<meta property=\"article:publisher\" content=\"https:\/\/www.facebook.com\/kontraolasurf\" \/>\n<meta property=\"article:modified_time\" content=\"2024-08-19T09:16:40+00:00\" \/>\n<meta property=\"og:image\" content=\"https:\/\/www.kontraolasurftenerife.com\/wp-content\/uploads\/2024\/06\/galeria-img-04-10-min.jpg\" \/>\n\t<meta property=\"og:image:width\" content=\"1200\" \/>\n\t<meta property=\"og:image:height\" content=\"1000\" \/>\n\t<meta property=\"og:image:type\" content=\"image\/jpeg\" \/>\n<meta name=\"twitter:card\" content=\"summary_large_image\" \/>\n<meta name=\"twitter:label1\" content=\"Estimated reading time\" \/>\n\t<meta name=\"twitter:data1\" content=\"4 minutes\" \/>\n<script type=\"application\/ld+json\" class=\"yoast-schema-graph\">{\"@context\":\"https:\/\/schema.org\",\"@graph\":[{\"@type\":\"WebPage\",\"@id\":\"https:\/\/www.kontraolasurftenerife.com\/aviso-legal\/\",\"url\":\"https:\/\/www.kontraolasurftenerife.com\/aviso-legal\/\",\"name\":\"Aviso Legal - Kontraola Surf School\",\"isPartOf\":{\"@id\":\"https:\/\/www.kontraolasurftenerife.com\/#website\"},\"datePublished\":\"2024-06-25T12:55:24+00:00\",\"dateModified\":\"2024-08-19T09:16:40+00:00\",\"breadcrumb\":{\"@id\":\"https:\/\/www.kontraolasurftenerife.com\/aviso-legal\/#breadcrumb\"},\"inLanguage\":\"en-GB\",\"potentialAction\":[{\"@type\":\"ReadAction\",\"target\":[\"https:\/\/www.kontraolasurftenerife.com\/aviso-legal\/\"]}]},{\"@type\":\"BreadcrumbList\",\"@id\":\"https:\/\/www.kontraolasurftenerife.com\/aviso-legal\/#breadcrumb\",\"itemListElement\":[{\"@type\":\"ListItem\",\"position\":1,\"name\":\"Portada\",\"item\":\"https:\/\/www.kontraolasurftenerife.com\/\"},{\"@type\":\"ListItem\",\"position\":2,\"name\":\"Aviso Legal\"}]},{\"@type\":\"WebSite\",\"@id\":\"https:\/\/www.kontraolasurftenerife.com\/#website\",\"url\":\"https:\/\/www.kontraolasurftenerife.com\/\",\"name\":\"Kontraola Escuela de Surf\",\"description\":\"Kontraola Surf School en Tenerife ofrece clases de surf personalizadas para todos los niveles, impartidas por instructores expertos en la hermosa playa de Las Am\u00e9ricas. Nos apasiona ense\u00f1ar surf mientras fomentamos valores como el trabajo en equipo, la perseverancia y el respeto por el oc\u00e9ano.\",\"publisher\":{\"@id\":\"https:\/\/www.kontraolasurftenerife.com\/#organization\"},\"alternateName\":\"Escuela de Surf en Tenerife\",\"potentialAction\":[{\"@type\":\"SearchAction\",\"target\":{\"@type\":\"EntryPoint\",\"urlTemplate\":\"https:\/\/www.kontraolasurftenerife.com\/?s={search_term_string}\"},\"query-input\":{\"@type\":\"PropertyValueSpecification\",\"valueRequired\":true,\"valueName\":\"search_term_string\"}}],\"inLanguage\":\"en-GB\"},{\"@type\":\"Organization\",\"@id\":\"https:\/\/www.kontraolasurftenerife.com\/#organization\",\"name\":\"Kontraola Escuela de Surf\",\"alternateName\":\"Escuela de Surf en Tenerife\",\"url\":\"https:\/\/www.kontraolasurftenerife.com\/\",\"logo\":{\"@type\":\"ImageObject\",\"inLanguage\":\"en-GB\",\"@id\":\"https:\/\/www.kontraolasurftenerife.com\/#\/schema\/logo\/image\/\",\"url\":\"https:\/\/www.kontraolasurftenerife.com\/wp-content\/uploads\/2024\/06\/cropped-logo-kontraola-header.png\",\"contentUrl\":\"https:\/\/www.kontraolasurftenerife.com\/wp-content\/uploads\/2024\/06\/cropped-logo-kontraola-header.png\",\"width\":512,\"height\":512,\"caption\":\"Kontraola Escuela de Surf\"},\"image\":{\"@id\":\"https:\/\/www.kontraolasurftenerife.com\/#\/schema\/logo\/image\/\"},\"sameAs\":[\"https:\/\/www.facebook.com\/kontraolasurf\",\"https:\/\/www.instagram.com\/kontraola_surf_tenerife\/?hl=es\"]}]}<\/script>\n<!-- \/ Yoast SEO plugin. -->","yoast_head_json":{"title":"Aviso Legal - Kontraola Surf School","robots":{"index":"noindex","follow":"nofollow"},"og_locale":"en_GB","og_type":"article","og_title":"Aviso Legal - Kontraola Surf School","og_description":"Aviso Legal INFORMACI\u00d3N IDENTIFICATIVA En cumplimiento con el deber de informaci\u00f3n recogido en el art\u00edculo 10 de la Ley 34\/2002, de 11 de julio, de Servicios de la Sociedad de la Informaci\u00f3n y del Comercio Electr\u00f3nico, a continuaci\u00f3n, se reflejan los siguientes datos del titular de\u00a0https:\/\/kontraolasurftenerife.com\/es\/\u00a0(en adelante, \u201cWeb\u201d): KONTRAOLA SURF, S.L. CIF B44867109 Domicilio Social en Calle Calle Caracas 23 \u2013 Playa de Las Am\u00e9ricas C.P. 38640 \u2013 Arona, Santa Cruz de Tenerife. Inscrita en el Registro Mercantil de Tenerife, en el Tomo 3846, Folio 74, Hoja TF-69746. Correo electr\u00f3nico de contacto: kontraola@gmail.com Tel\u00e9fono de contacto: +34629629301 T\u00c9RMINOS Y CONDICIONES DE USO El acceso y\/o uso de esta Web propiedad de KONTRAOLA SURF, S.L. le atribuye la condici\u00f3n de USUARIO que acepta desde dicho acceso y\/o uso las presentes Condiciones Generales de Uso que regulan el acceso y la utilizaci\u00f3n del presente sitio Web.\u00a0 El usuario se obliga a no utilizar la informaci\u00f3n que se publica en esta Web con fines il\u00edcitos o lesivos contrarios a los definidos en el presente Aviso Legal. En su caso, el acceso, as\u00ed como el uso de la informaci\u00f3n contenida en esta Web, es de exclusiva responsabilidad de quien lo realiza KONTRAOLA SURF, S.L., [&hellip;]","og_url":"https:\/\/www.kontraolasurftenerife.com\/en\/legal-notice\/","og_site_name":"Kontraola Surf School","article_publisher":"https:\/\/www.facebook.com\/kontraolasurf","article_modified_time":"2024-08-19T09:16:40+00:00","og_image":[{"width":1200,"height":1000,"url":"https:\/\/www.kontraolasurftenerife.com\/wp-content\/uploads\/2024\/06\/galeria-img-04-10-min.jpg","type":"image\/jpeg"}],"twitter_card":"summary_large_image","twitter_misc":{"Estimated reading time":"4 minutes"},"schema":{"@context":"https:\/\/schema.org","@graph":[{"@type":"WebPage","@id":"https:\/\/www.kontraolasurftenerife.com\/aviso-legal\/","url":"https:\/\/www.kontraolasurftenerife.com\/aviso-legal\/","name":"Aviso Legal - Kontraola Surf School","isPartOf":{"@id":"https:\/\/www.kontraolasurftenerife.com\/#website"},"datePublished":"2024-06-25T12:55:24+00:00","dateModified":"2024-08-19T09:16:40+00:00","breadcrumb":{"@id":"https:\/\/www.kontraolasurftenerife.com\/aviso-legal\/#breadcrumb"},"inLanguage":"en-GB","potentialAction":[{"@type":"ReadAction","target":["https:\/\/www.kontraolasurftenerife.com\/aviso-legal\/"]}]},{"@type":"BreadcrumbList","@id":"https:\/\/www.kontraolasurftenerife.com\/aviso-legal\/#breadcrumb","itemListElement":[{"@type":"ListItem","position":1,"name":"Portada","item":"https:\/\/www.kontraolasurftenerife.com\/"},{"@type":"ListItem","position":2,"name":"Aviso Legal"}]},{"@type":"WebSite","@id":"https:\/\/www.kontraolasurftenerife.com\/#website","url":"https:\/\/www.kontraolasurftenerife.com\/","name":"Kontraola Escuela de Surf","description":"Kontraola Surf School en Tenerife ofrece clases de surf personalizadas para todos los niveles, impartidas por instructores expertos en la hermosa playa de Las Am\u00e9ricas. Nos apasiona ense\u00f1ar surf mientras fomentamos valores como el trabajo en equipo, la perseverancia y el respeto por el oc\u00e9ano.","publisher":{"@id":"https:\/\/www.kontraolasurftenerife.com\/#organization"},"alternateName":"Escuela de Surf en Tenerife","potentialAction":[{"@type":"SearchAction","target":{"@type":"EntryPoint","urlTemplate":"https:\/\/www.kontraolasurftenerife.com\/?s={search_term_string}"},"query-input":{"@type":"PropertyValueSpecification","valueRequired":true,"valueName":"search_term_string"}}],"inLanguage":"en-GB"},{"@type":"Organization","@id":"https:\/\/www.kontraolasurftenerife.com\/#organization","name":"Kontraola Escuela de Surf","alternateName":"Escuela de Surf en Tenerife","url":"https:\/\/www.kontraolasurftenerife.com\/","logo":{"@type":"ImageObject","inLanguage":"en-GB","@id":"https:\/\/www.kontraolasurftenerife.com\/#\/schema\/logo\/image\/","url":"https:\/\/www.kontraolasurftenerife.com\/wp-content\/uploads\/2024\/06\/cropped-logo-kontraola-header.png","contentUrl":"https:\/\/www.kontraolasurftenerife.com\/wp-content\/uploads\/2024\/06\/cropped-logo-kontraola-header.png","width":512,"height":512,"caption":"Kontraola Escuela de Surf"},"image":{"@id":"https:\/\/www.kontraolasurftenerife.com\/#\/schema\/logo\/image\/"},"sameAs":["https:\/\/www.facebook.com\/kontraolasurf","https:\/\/www.instagram.com\/kontraola_surf_tenerife\/?hl=es"]}]}},"_links":{"self":[{"href":"https:\/\/www.kontraolasurftenerife.com\/en\/wp-json\/wp\/v2\/pages\/370","targetHints":{"allow":["GET"]}}],"collection":[{"href":"https:\/\/www.kontraolasurftenerife.com\/en\/wp-json\/wp\/v2\/pages"}],"about":[{"href":"https:\/\/www.kontraolasurftenerife.com\/en\/wp-json\/wp\/v2\/types\/page"}],"author":[{"embeddable":true,"href":"https:\/\/www.kontraolasurftenerife.com\/en\/wp-json\/wp\/v2\/users\/1"}],"replies":[{"embeddable":true,"href":"https:\/\/www.kontraolasurftenerife.com\/en\/wp-json\/wp\/v2\/comments?post=370"}],"version-history":[{"count":4,"href":"https:\/\/www.kontraolasurftenerife.com\/en\/wp-json\/wp\/v2\/pages\/370\/revisions"}],"predecessor-version":[{"id":565,"href":"https:\/\/www.kontraolasurftenerife.com\/en\/wp-json\/wp\/v2\/pages\/370\/revisions\/565"}],"wp:attachment":[{"href":"https:\/\/www.kontraolasurftenerife.com\/en\/wp-json\/wp\/v2\/media?parent=370"}],"curies":[{"name":"wp","href":"https:\/\/api.w.org\/{rel}","templated":true}]}}