{"id":168,"date":"2024-06-11T15:36:18","date_gmt":"2024-06-11T15:36:18","guid":{"rendered":"https:\/\/www.kontraolasurftenerife.com\/?page_id=168"},"modified":"2024-06-26T13:52:36","modified_gmt":"2024-06-26T13:52:36","slug":"contacto","status":"publish","type":"page","link":"https:\/\/www.kontraolasurftenerife.com\/en\/contact\/","title":{"rendered":"CONTACT"},"content":{"rendered":"<p>[et_pb_section fb_built=\u00bb1&#8243; _builder_version=\u00bb4.25.1&#8243; _module_preset=\u00bbdefault\u00bb background_image=\u00bbhttps:\/\/www.kontraolasurftenerife.com\/wp-content\/uploads\/2024\/06\/banner-kontraola-06-min.jpg\u00bb background_enable_video_mp4=\u00bboff\u00bb custom_margin=\u00bb||||false|false\u00bb custom_padding=\u00bb142px||142px||true|false\u00bb global_colors_info=\u00bb{}\u00bb][et_pb_row _builder_version=\u00bb4.18.0&#8243; _module_preset=\u00bbdefault\u00bb global_colors_info=\u00bb{}\u00bb][et_pb_column type=\u00bb4_4&#8243; _builder_version=\u00bb4.18.0&#8243; _module_preset=\u00bbdefault\u00bb global_colors_info=\u00bb{}\u00bb][et_pb_text _builder_version=\u00bb4.18.0&#8243; _module_preset=\u00bbdefault\u00bb text_font=\u00bbIBM Plex Sans||||||||\u00bb text_text_color=\u00bbgcid-0d801b7f-cc38-4b14-95d5-6671dcc700bc\u00bb text_font_size=\u00bb28px\u00bb text_letter_spacing=\u00bb1px\u00bb custom_margin=\u00bb||25px||false|false\u00bb custom_padding=\u00bb||0px||false|false\u00bb global_colors_info=\u00bb{%22gcid-0d801b7f-cc38-4b14-95d5-6671dcc700bc%22:%91%22text_text_color%22%93}\u00bb]<\/p>\n<p>SURF SCHOOL<\/p>\n<p>[\/et_pb_text][et_pb_text _builder_version=\u00bb4.25.1&#8243; _module_preset=\u00bbdefault\u00bb text_font=\u00bbIBM Plex Sans||||||||\u00bb text_text_color=\u00bbgcid-0d801b7f-cc38-4b14-95d5-6671dcc700bc\u00bb header_font=\u00bb|800|||||||\u00bb header_text_color=\u00bb#FFFFFF\u00bb header_font_size=\u00bb100px\u00bb custom_margin=\u00bb||16px|||\u00bb header_font_size_tablet=\u00bb100px\u00bb header_font_size_phone=\u00bb42px\u00bb header_font_size_last_edited=\u00bbon|phone\u00bb global_colors_info=\u00bb{%22gcid-0d801b7f-cc38-4b14-95d5-6671dcc700bc%22:%91%22text_text_color%22%93}\u00bb]<\/p>\n<h1>CONTACT<\/h1>\n<p>[\/et_pb_text][et_pb_text _builder_version=\"4.18.0\u2033 _module_preset=\"default\" text_font=\"IBM Plex Sans||||||||\" text_text_color=\"#FFFFFFFFFF\" text_font_size=\"22px\" text_letter_spacing=\"1px\" custom_margin=\"|||10px||false|false\" custom_padding=\"||0px||false|false|false\" global_colors_info=\"{}\"]]<\/p>\n<p>LEARN TO SURF WITH LOCAL PROFESSIONALS<\/p>\n<p>[\/et_pb_text][\/et_pb_column][\/et_pb_row][\/et_pb_section][et_pb_section fb_built=\u00bb1&#8243; _builder_version=\u00bb4.25.1&#8243; _module_preset=\u00bbdefault\u00bb bottom_divider_color=\u00bb#faf7f2&#8243; bottom_divider_height=\u00bb500px\u00bb global_colors_info=\u00bb{}\u00bb][et_pb_row _builder_version=\u00bb4.18.0&#8243; _module_preset=\u00bbdefault\u00bb custom_padding=\u00bb||9px|||\u00bb animation_style=\u00bbfade\u00bb global_colors_info=\u00bb{}\u00bb][et_pb_column type=\u00bb4_4&#8243; _builder_version=\u00bb4.18.0&#8243; _module_preset=\u00bbdefault\u00bb global_colors_info=\u00bb{}\u00bb][et_pb_image src=\u00bbhttps:\/\/www.kontraolasurftenerife.com\/wp-content\/uploads\/2024\/06\/miscelanea-doble-ola.png\u00bb title_text=\u00bbmiscelanea-doble-ola\u00bb align=\u00bbcenter\u00bb _builder_version=\u00bb4.18.0&#8243; _module_preset=\u00bbdefault\u00bb custom_margin=\u00bb||25px|||\u00bb global_colors_info=\u00bb{}\u00bb][\/et_pb_image][et_pb_text _builder_version=\u00bb4.25.1&#8243; _module_preset=\u00bbdefault\u00bb text_font=\u00bb|800|||||||\u00bb header_2_font=\u00bb|800|||||||\u00bb header_2_text_color=\u00bb#1e1e1e\u00bb header_2_font_size=\u00bb38px\u00bb header_2_line_height=\u00bb1.2em\u00bb text_orientation=\u00bbcenter\u00bb custom_margin=\u00bb||15px|||\u00bb header_2_font_size_tablet=\u00bb38px\u00bb header_2_font_size_phone=\u00bb28px\u00bb header_2_font_size_last_edited=\u00bbon|phone\u00bb global_colors_info=\u00bb{}\u00bb]<\/p>\n<h2>Send us your enquiry<\/h2>\n<p>[\/et_pb_text][\/et_pb_column][\/et_pb_row][et_pb_row column_structure=\u00bb1_2,1_2&#8243; use_custom_gutter=\u00bbon\u00bb gutter_width=\u00bb1&#8243; custom_padding_last_edited=\u00bbon|phone\u00bb _builder_version=\u00bb4.25.1&#8243; _module_preset=\u00bbdefault\u00bb width=\u00bb56%\u00bb width_tablet=\u00bb56%\u00bb width_phone=\u00bb80%\u00bb width_last_edited=\u00bbon|phone\u00bb module_alignment=\u00bbcenter\u00bb custom_padding_tablet=\u00bb\u00bb custom_padding_phone=\u00bb0px||||false|false\u00bb global_colors_info=\u00bb{}\u00bb][et_pb_column type=\u00bb1_2&#8243; _builder_version=\u00bb4.25.1&#8243; _module_preset=\u00bbdefault\u00bb custom_padding=\u00bb50px||||false|false\u00bb global_colors_info=\u00bb{}\u00bb][et_pb_blurb title=\u00bbEmail\u00bb url=\u00bbmailto:kontraola@gmail.com\u00bb use_icon=\u00bbon\u00bb font_icon=\u00bb&#xe076;||divi||400&#8243; icon_color=\u00bbgcid-0d801b7f-cc38-4b14-95d5-6671dcc700bc\u00bb icon_placement=\u00bbleft\u00bb _builder_version=\u00bb4.25.1&#8243; _module_preset=\u00bbdefault\u00bb header_font=\u00bb|700|||||||\u00bb header_line_height=\u00bb0.6em\u00bb image_icon_custom_margin=\u00bb2px|15px|||false|false\u00bb width=\u00bb70%\u00bb width_tablet=\u00bb70%\u00bb width_phone=\u00bb100%\u00bb width_last_edited=\u00bbon|phone\u00bb module_alignment=\u00bbleft\u00bb custom_margin=\u00bb||43px|||\u00bb link_option_url=\u00bbmailto:kontraola@gmail.com\u00bb global_colors_info=\u00bb{%22gcid-0d801b7f-cc38-4b14-95d5-6671dcc700bc%22:%91%22icon_color%22,%22icon_color%22%93}\u00bb]<\/p>\n<p>kontraola@gmail.com<\/p>\n<p>[\/et_pb_blurb][et_pb_blurb title=\u00bbTel\u00e9fono\u00bb url=\u00bbtel:+34%20629%2062%2093%2001&#8243; use_icon=\u00bbon\u00bb font_icon=\u00bb&#xf87b;||fa||900&#8243; icon_color=\u00bbgcid-0d801b7f-cc38-4b14-95d5-6671dcc700bc\u00bb icon_placement=\u00bbleft\u00bb _builder_version=\u00bb4.25.1&#8243; _module_preset=\u00bbdefault\u00bb header_font=\u00bb|700|||||||\u00bb header_line_height=\u00bb0.6em\u00bb image_icon_custom_margin=\u00bb2px|17px|||false|false\u00bb width=\u00bb70%\u00bb width_tablet=\u00bb70%\u00bb width_phone=\u00bb100%\u00bb width_last_edited=\u00bbon|phone\u00bb module_alignment=\u00bbleft\u00bb custom_margin=\u00bb||43px|||\u00bb link_option_url=\u00bbtel:+34%20629%2062%2093%2001&#8243; global_colors_info=\u00bb{%22gcid-0d801b7f-cc38-4b14-95d5-6671dcc700bc%22:%91%22icon_color%22,%22icon_color%22%93}\u00bb]<\/p>\n<p><span class=\"dsm_icon_list_text\">+34 629 62 93 01<\/span><\/p>\n<p>[\/et_pb_blurb][et_pb_blurb title=\u00bbWhatsapp\u00bb url=\u00bbhttps:\/\/wa.link\/jg4d9k\u00bb url_new_window=\u00bbon\u00bb use_icon=\u00bbon\u00bb font_icon=\u00bb&#xf40c;||fa||400&#8243; icon_color=\u00bbgcid-0d801b7f-cc38-4b14-95d5-6671dcc700bc\u00bb icon_placement=\u00bbleft\u00bb _builder_version=\u00bb4.25.1&#8243; _module_preset=\u00bbdefault\u00bb header_font=\u00bb|700|||||||\u00bb header_line_height=\u00bb0.6em\u00bb image_icon_custom_margin=\u00bb2px|17px|||false|false\u00bb width=\u00bb70%\u00bb width_tablet=\u00bb70%\u00bb width_phone=\u00bb100%\u00bb width_last_edited=\u00bbon|phone\u00bb module_alignment=\u00bbleft\u00bb custom_margin=\u00bb||43px|||\u00bb link_option_url=\u00bbhttps:\/\/wa.link\/jg4d9k\u00bb link_option_url_new_window=\u00bbon\u00bb global_colors_info=\u00bb{%22gcid-0d801b7f-cc38-4b14-95d5-6671dcc700bc%22:%91%22icon_color%22,%22icon_color%22%93}\u00bb]<\/p>\n<p><span class=\"dsm_icon_list_text\">+34 629 62 93 01<\/span><\/p>\n<p>[\/et_pb_blurb][et_pb_blurb title=\u00bbDirecci\u00f3n\u00bb use_icon=\u00bbon\u00bb font_icon=\u00bb&#xe081;||divi||400&#8243; icon_color=\u00bbgcid-0d801b7f-cc38-4b14-95d5-6671dcc700bc\u00bb icon_placement=\u00bbleft\u00bb _builder_version=\u00bb4.25.1&#8243; _module_preset=\u00bbdefault\u00bb header_font=\u00bb|700|||||||\u00bb header_line_height=\u00bb0.6em\u00bb image_icon_custom_margin=\u00bb2px|15px|||false|false\u00bb width=\u00bb70%\u00bb width_tablet=\u00bb70%\u00bb width_phone=\u00bb100%\u00bb width_last_edited=\u00bbon|phone\u00bb module_alignment=\u00bbleft\u00bb custom_margin=\u00bb||43px|||\u00bb global_colors_info=\u00bb{%22gcid-0d801b7f-cc38-4b14-95d5-6671dcc700bc%22:%91%22icon_color%22%93}\u00bb]<\/p>\n<p>Calle M\u00e9xico, C.Comercial Las Pameras, Local 11, 38660 Playa de la Am\u00e9ricas, Santa Cruz de Tenerife, Spain<\/p>\n<p>[\/et_pb_blurb][\/et_pb_column][et_pb_column type=\u00bb1_2&#8243; _builder_version=\u00bb4.25.1&#8243; _module_preset=\u00bbdefault\u00bb background_color=\u00bb#FFFFFF\u00bb custom_padding=\u00bb|65px|30px|65px|false|true\u00bb custom_padding_tablet=\u00bb|65px|30px|65px|false|true\u00bb custom_padding_phone=\u00bb|30px||30px|false|true\u00bb custom_padding_last_edited=\u00bbon|phone\u00bb box_shadow_style=\u00bbpreset1&#8243; box_shadow_color=\u00bbrgba(0,0,0,0.1)\u00bb global_colors_info=\u00bb{}\u00bb][et_pb_code _builder_version=\u00bb4.25.1&#8243; _module_preset=\u00bbdefault\u00bb global_colors_info=\u00bb{}\u00bb]<div class=\"wpforms-container wpforms-container-full wpforms-render-modern\" id=\"wpforms-174\"><form id=\"wpforms-form-174\" class=\"wpforms-validate wpforms-form wpforms-ajax-form\" data-formid=\"174\" method=\"post\" enctype=\"multipart\/form-data\" action=\"\/wp-json\/wp\/v2\/pages\/168\" data-token=\"93c04e3a73ae5770047190fe28827b0a\" data-trp-original-action=\"\/en\/wp-json\/wp\/v2\/pages\/168\"><noscript class=\"wpforms-error-noscript\">Please enable JavaScript in your browser to complete this form.<\/noscript><div class=\"wpforms-hidden\" id=\"wpforms-error-noscript\">Please enable JavaScript in your browser to complete this form.<\/div><div class=\"wpforms-field-container\"><div id=\"wpforms-174-field_1-container\" class=\"wpforms-field wpforms-field-layout\" data-field-id=\"1\"><label class=\"wpforms-field-label wpforms-label-hide\" for=\"wpforms-174-field_1\" aria-hidden=\"false\">Design<\/label><div class=\"wpforms-field-layout-columns wpforms-field-layout-preset-50-50\"><div class=\"wpforms-layout-column wpforms-layout-column-50\"><div id=\"wpforms-174-field_2-container\" class=\"wpforms-field wpforms-field-text\" data-field-id=\"2\"><label class=\"wpforms-field-label wpforms-label-hide\" for=\"wpforms-174-field_2\" aria-hidden=\"false\">Name<\/label><input type=\"text\" id=\"wpforms-174-field_2\" class=\"wpforms-field-medium\" name=\"wpforms[fields][2]\" placeholder=\"Name\" aria-errormessage=\"wpforms-174-field_2-error\" ><\/div><\/div><div class=\"wpforms-layout-column wpforms-layout-column-50\"><div id=\"wpforms-174-field_3-container\" class=\"wpforms-field wpforms-field-email\" data-field-id=\"3\"><label class=\"wpforms-field-label wpforms-label-hide\" for=\"wpforms-174-field_3\" aria-hidden=\"false\">Email <span class=\"wpforms-required-label\" aria-hidden=\"true\">*<\/span><\/label><input type=\"email\" id=\"wpforms-174-field_3\" class=\"wpforms-field-medium wpforms-field-required\" name=\"wpforms[fields][3]\" placeholder=\"Email\" spellcheck=\"false\" aria-errormessage=\"wpforms-174-field_3-error\" required><\/div><\/div><\/div><\/div><div id=\"wpforms-174-field_4-container\" class=\"wpforms-field wpforms-field-text\" data-field-id=\"4\"><label class=\"wpforms-field-label wpforms-label-hide\" for=\"wpforms-174-field_4\" aria-hidden=\"false\">Telephone<\/label><input type=\"text\" id=\"wpforms-174-field_4\" class=\"wpforms-field-large\" name=\"wpforms[fields][4]\" placeholder=\"Telephone\" aria-errormessage=\"wpforms-174-field_4-error\" ><\/div><div id=\"wpforms-174-field_5-container\" class=\"wpforms-field wpforms-field-textarea\" data-field-id=\"5\"><label class=\"wpforms-field-label wpforms-label-hide\" for=\"wpforms-174-field_5\" aria-hidden=\"false\">Write your message here...<\/label><textarea id=\"wpforms-174-field_5\" class=\"wpforms-field-medium\" name=\"wpforms[fields][5]\" placeholder=\"Write your message here...\" aria-errormessage=\"wpforms-174-field_5-error\" ><\/textarea><\/div><\/div><!-- .wpforms-field-container --><input type=\"hidden\" name=\"wpforms[recaptcha]\" value=\"\"><div class=\"wpforms-submit-container\" ><input type=\"hidden\" name=\"wpforms[id]\" value=\"174\"><input type=\"hidden\" name=\"wpforms[author]\" value=\"1\"><button type=\"submit\" name=\"wpforms[submit]\" id=\"wpforms-submit-174\" class=\"wpforms-submit\" data-alt-text=\"Solicitando...\" data-submit-text=\"Solicitar turno\" aria-live=\"assertive\" value=\"wpforms-submit\">Request an appointment<\/button><img loading=\"lazy\" decoding=\"async\" src=\"https:\/\/www.kontraolasurftenerife.com\/wp-content\/plugins\/wpforms\/assets\/images\/submit-spin.svg\" class=\"wpforms-submit-spinner\" style=\"display: none;\" width=\"26\" height=\"26\" alt=\"Loading\"><\/div><input type=\"hidden\" name=\"trp-form-language\" value=\"en\"\/><\/form><\/div>  <!-- .wpforms-container -->[\/et_pb_code][\/et_pb_column][\/et_pb_row][\/et_pb_section][et_pb_section fb_built=\"1\u2033 fullwidth=\"on\" _builder_version=\"4.25.1\u2033 _module_preset=\"default\" global_colors_info=\"{}\"][et_pb_fullwidth_code _builder_version=\"4.25.1\u2033 _module_preset=\"default\" global_colors_info=\"{}\"]<iframe src=\"https:\/\/www.google.com\/maps\/embed?pb=!1m14!1m8!1m3!1d14083.18632135674!2d-16.7336359!3d28.0612351!3m2!1i1024!2i768!4f13.1!3m3!1m2!1s0xc6a977aafe559fd%3A0x1b8226b8274e6d9a!2sKontraola%20-%20Tenerife%20Surf%20School%20powered%20by%20Quiksilver%20and%20Roxy!5e0!3m2!1ses!2sar!4v1717436790465!5m2!1ses!2sar\" width=\"100%\" height=\"450\" style=\"border:0;\" allowfullscreen=\"\" loading=\"lazy\" referrerpolicy=\"no-referrer-when-downgrade\"><\/iframe>[\/et_pb_fullwidth_code][\/et_pb_section][\/et_pb_section].<\/p>","protected":false},"excerpt":{"rendered":"<p>SURFCONTACT SCHOOLLEARN TO SURF WITH LOCAL PROFESSIONALSEND US YOUR consultakontraola@gmail.com+34 629 62 93 01+34 629 62 93 01Calle M\u00e9xico, C.Comercial Las Pameras, Local 11, 38660 Playa de la Am\u00e9ricas, Santa Cruz de Tenerife, Spain<div class=\"wpforms-container wpforms-container-full wpforms-render-modern\" id=\"wpforms-174\"><form id=\"wpforms-form-174\" class=\"wpforms-validate wpforms-form wpforms-ajax-form\" data-formid=\"174\" method=\"post\" enctype=\"multipart\/form-data\" action=\"\/wp-json\/wp\/v2\/pages\/168\" data-token=\"93c04e3a73ae5770047190fe28827b0a\" data-trp-original-action=\"\/en\/wp-json\/wp\/v2\/pages\/168\"><noscript class=\"wpforms-error-noscript\">Please enable JavaScript in your browser to complete this form.<\/noscript><div class=\"wpforms-hidden\" id=\"wpforms-error-noscript\">Please enable JavaScript in your browser to complete this form.<\/div><div class=\"wpforms-field-container\"><div id=\"wpforms-174-field_1-container\" class=\"wpforms-field wpforms-field-layout\" data-field-id=\"1\"><label class=\"wpforms-field-label wpforms-label-hide\" for=\"wpforms-174-field_1\" aria-hidden=\"false\">Design<\/label><div class=\"wpforms-field-layout-columns wpforms-field-layout-preset-50-50\"><div class=\"wpforms-layout-column wpforms-layout-column-50\"><div id=\"wpforms-174-field_2-container\" class=\"wpforms-field wpforms-field-text\" data-field-id=\"2\"><label class=\"wpforms-field-label wpforms-label-hide\" for=\"wpforms-174-field_2\" aria-hidden=\"false\">Name<\/label><input type=\"text\" id=\"wpforms-174-field_2\" class=\"wpforms-field-medium\" name=\"wpforms[fields][2]\" placeholder=\"Name\" aria-errormessage=\"wpforms-174-field_2-error\" ><\/div><\/div><div class=\"wpforms-layout-column wpforms-layout-column-50\"><div id=\"wpforms-174-field_3-container\" class=\"wpforms-field wpforms-field-email\" data-field-id=\"3\"><label class=\"wpforms-field-label wpforms-label-hide\" for=\"wpforms-174-field_3\" aria-hidden=\"false\">Email <span class=\"wpforms-required-label\" aria-hidden=\"true\">*<\/span><\/label><input type=\"email\" id=\"wpforms-174-field_3\" class=\"wpforms-field-medium wpforms-field-required\" name=\"wpforms[fields][3]\" placeholder=\"Email\" spellcheck=\"false\" aria-errormessage=\"wpforms-174-field_3-error\" required><\/div><\/div><\/div><\/div><div id=\"wpforms-174-field_4-container\" class=\"wpforms-field wpforms-field-text\" data-field-id=\"4\"><label class=\"wpforms-field-label wpforms-label-hide\" for=\"wpforms-174-field_4\" aria-hidden=\"false\">Telephone<\/label><input type=\"text\" id=\"wpforms-174-field_4\" class=\"wpforms-field-large\" name=\"wpforms[fields][4]\" placeholder=\"Telephone\" aria-errormessage=\"wpforms-174-field_4-error\" ><\/div><div id=\"wpforms-174-field_5-container\" class=\"wpforms-field wpforms-field-textarea\" data-field-id=\"5\"><label class=\"wpforms-field-label wpforms-label-hide\" for=\"wpforms-174-field_5\" aria-hidden=\"false\">Write your message here...<\/label><textarea id=\"wpforms-174-field_5\" class=\"wpforms-field-medium\" name=\"wpforms[fields][5]\" placeholder=\"Write your message here...\" aria-errormessage=\"wpforms-174-field_5-error\" ><\/textarea><\/div><\/div><!-- .wpforms-field-container --><input type=\"hidden\" name=\"wpforms[recaptcha]\" value=\"\"><div class=\"wpforms-submit-container\" ><input type=\"hidden\" name=\"wpforms[id]\" value=\"174\"><input type=\"hidden\" name=\"wpforms[author]\" value=\"1\"><button type=\"submit\" name=\"wpforms[submit]\" id=\"wpforms-submit-174\" class=\"wpforms-submit\" data-alt-text=\"Solicitando...\" data-submit-text=\"Solicitar turno\" aria-live=\"assertive\" value=\"wpforms-submit\">Request an appointment<\/button><img loading=\"lazy\" decoding=\"async\" src=\"https:\/\/www.kontraolasurftenerife.com\/wp-content\/plugins\/wpforms\/assets\/images\/submit-spin.svg\" class=\"wpforms-submit-spinner\" style=\"display: none;\" width=\"26\" height=\"26\" alt=\"Loading\"><\/div><input type=\"hidden\" name=\"trp-form-language\" value=\"en\"\/><\/form><\/div>  <!-- .wpforms-container --><\/p>","protected":false},"author":1,"featured_media":0,"parent":0,"menu_order":0,"comment_status":"closed","ping_status":"closed","template":"","meta":{"_et_pb_use_builder":"on","_et_pb_old_content":"","_et_gb_content_width":"","_joinchat":[],"footnotes":""},"class_list":["post-168","page","type-page","status-publish","hentry"],"yoast_head":"<!-- This site is optimized with the Yoast SEO plugin v23.7 - https:\/\/yoast.com\/wordpress\/plugins\/seo\/ -->\n<title>CONTACTO - Kontraola Surf School<\/title>\n<meta name=\"robots\" content=\"index, follow, max-snippet:-1, max-image-preview:large, max-video-preview:-1\" \/>\n<link rel=\"canonical\" href=\"https:\/\/www.kontraolasurftenerife.com\/en\/contact\/\" \/>\n<meta property=\"og:locale\" content=\"en_GB\" \/>\n<meta property=\"og:type\" content=\"article\" \/>\n<meta property=\"og:title\" content=\"CONTACTO - Kontraola Surf School\" \/>\n<meta property=\"og:description\" content=\"ESCUELA DE SURFCONTACTOAPRENDE A SURFEAR CON PROFESIONALES LOCALESEnv\u00edanos tu consultakontraola@gmail.com+34 629 62 93 01+34 629 62 93 01Calle M\u00e9xico, C.Comercial Las Pameras, Local 11, 38660 Playa de la Am\u00e9ricas, Santa Cruz de Tenerife, Espa\u00f1a\" \/>\n<meta property=\"og:url\" content=\"https:\/\/www.kontraolasurftenerife.com\/en\/contact\/\" \/>\n<meta property=\"og:site_name\" content=\"Kontraola Surf School\" \/>\n<meta property=\"article:publisher\" content=\"https:\/\/www.facebook.com\/kontraolasurf\" \/>\n<meta property=\"article:modified_time\" content=\"2024-06-26T13:52:36+00:00\" \/>\n<meta property=\"og:image\" content=\"https:\/\/www.kontraolasurftenerife.com\/wp-content\/uploads\/2024\/06\/galeria-img-04-10-min.jpg\" \/>\n\t<meta property=\"og:image:width\" content=\"1200\" \/>\n\t<meta property=\"og:image:height\" content=\"1000\" \/>\n\t<meta property=\"og:image:type\" content=\"image\/jpeg\" \/>\n<meta name=\"twitter:card\" content=\"summary_large_image\" \/>\n<meta name=\"twitter:label1\" content=\"Estimated reading time\" \/>\n\t<meta name=\"twitter:data1\" content=\"5 minutes\" \/>\n<script type=\"application\/ld+json\" class=\"yoast-schema-graph\">{\"@context\":\"https:\/\/schema.org\",\"@graph\":[{\"@type\":\"WebPage\",\"@id\":\"https:\/\/www.kontraolasurftenerife.com\/contacto\/\",\"url\":\"https:\/\/www.kontraolasurftenerife.com\/contacto\/\",\"name\":\"CONTACTO - Kontraola Surf School\",\"isPartOf\":{\"@id\":\"https:\/\/www.kontraolasurftenerife.com\/#website\"},\"datePublished\":\"2024-06-11T15:36:18+00:00\",\"dateModified\":\"2024-06-26T13:52:36+00:00\",\"breadcrumb\":{\"@id\":\"https:\/\/www.kontraolasurftenerife.com\/contacto\/#breadcrumb\"},\"inLanguage\":\"en-GB\",\"potentialAction\":[{\"@type\":\"ReadAction\",\"target\":[\"https:\/\/www.kontraolasurftenerife.com\/contacto\/\"]}]},{\"@type\":\"BreadcrumbList\",\"@id\":\"https:\/\/www.kontraolasurftenerife.com\/contacto\/#breadcrumb\",\"itemListElement\":[{\"@type\":\"ListItem\",\"position\":1,\"name\":\"Portada\",\"item\":\"https:\/\/www.kontraolasurftenerife.com\/\"},{\"@type\":\"ListItem\",\"position\":2,\"name\":\"CONTACTO\"}]},{\"@type\":\"WebSite\",\"@id\":\"https:\/\/www.kontraolasurftenerife.com\/#website\",\"url\":\"https:\/\/www.kontraolasurftenerife.com\/\",\"name\":\"Kontraola Escuela de Surf\",\"description\":\"Kontraola Surf School en Tenerife ofrece clases de surf personalizadas para todos los niveles, impartidas por instructores expertos en la hermosa playa de Las Am\u00e9ricas. Nos apasiona ense\u00f1ar surf mientras fomentamos valores como el trabajo en equipo, la perseverancia y el respeto por el oc\u00e9ano.\",\"publisher\":{\"@id\":\"https:\/\/www.kontraolasurftenerife.com\/#organization\"},\"alternateName\":\"Escuela de Surf en Tenerife\",\"potentialAction\":[{\"@type\":\"SearchAction\",\"target\":{\"@type\":\"EntryPoint\",\"urlTemplate\":\"https:\/\/www.kontraolasurftenerife.com\/?s={search_term_string}\"},\"query-input\":{\"@type\":\"PropertyValueSpecification\",\"valueRequired\":true,\"valueName\":\"search_term_string\"}}],\"inLanguage\":\"en-GB\"},{\"@type\":\"Organization\",\"@id\":\"https:\/\/www.kontraolasurftenerife.com\/#organization\",\"name\":\"Kontraola Escuela de Surf\",\"alternateName\":\"Escuela de Surf en Tenerife\",\"url\":\"https:\/\/www.kontraolasurftenerife.com\/\",\"logo\":{\"@type\":\"ImageObject\",\"inLanguage\":\"en-GB\",\"@id\":\"https:\/\/www.kontraolasurftenerife.com\/#\/schema\/logo\/image\/\",\"url\":\"https:\/\/www.kontraolasurftenerife.com\/wp-content\/uploads\/2024\/06\/cropped-logo-kontraola-header.png\",\"contentUrl\":\"https:\/\/www.kontraolasurftenerife.com\/wp-content\/uploads\/2024\/06\/cropped-logo-kontraola-header.png\",\"width\":512,\"height\":512,\"caption\":\"Kontraola Escuela de Surf\"},\"image\":{\"@id\":\"https:\/\/www.kontraolasurftenerife.com\/#\/schema\/logo\/image\/\"},\"sameAs\":[\"https:\/\/www.facebook.com\/kontraolasurf\",\"https:\/\/www.instagram.com\/kontraola_surf_tenerife\/?hl=es\"]}]}<\/script>\n<!-- \/ Yoast SEO plugin. -->","yoast_head_json":{"title":"CONTACTO - Kontraola Surf School","robots":{"index":"index","follow":"follow","max-snippet":"max-snippet:-1","max-image-preview":"max-image-preview:large","max-video-preview":"max-video-preview:-1"},"canonical":"https:\/\/www.kontraolasurftenerife.com\/en\/contact\/","og_locale":"en_GB","og_type":"article","og_title":"CONTACTO - Kontraola Surf School","og_description":"ESCUELA DE SURFCONTACTOAPRENDE A SURFEAR CON PROFESIONALES LOCALESEnv\u00edanos tu consultakontraola@gmail.com+34 629 62 93 01+34 629 62 93 01Calle M\u00e9xico, C.Comercial Las Pameras, Local 11, 38660 Playa de la Am\u00e9ricas, Santa Cruz de Tenerife, Espa\u00f1a","og_url":"https:\/\/www.kontraolasurftenerife.com\/en\/contact\/","og_site_name":"Kontraola Surf School","article_publisher":"https:\/\/www.facebook.com\/kontraolasurf","article_modified_time":"2024-06-26T13:52:36+00:00","og_image":[{"width":1200,"height":1000,"url":"https:\/\/www.kontraolasurftenerife.com\/wp-content\/uploads\/2024\/06\/galeria-img-04-10-min.jpg","type":"image\/jpeg"}],"twitter_card":"summary_large_image","twitter_misc":{"Estimated reading time":"5 minutes"},"schema":{"@context":"https:\/\/schema.org","@graph":[{"@type":"WebPage","@id":"https:\/\/www.kontraolasurftenerife.com\/contacto\/","url":"https:\/\/www.kontraolasurftenerife.com\/contacto\/","name":"CONTACTO - Kontraola Surf School","isPartOf":{"@id":"https:\/\/www.kontraolasurftenerife.com\/#website"},"datePublished":"2024-06-11T15:36:18+00:00","dateModified":"2024-06-26T13:52:36+00:00","breadcrumb":{"@id":"https:\/\/www.kontraolasurftenerife.com\/contacto\/#breadcrumb"},"inLanguage":"en-GB","potentialAction":[{"@type":"ReadAction","target":["https:\/\/www.kontraolasurftenerife.com\/contacto\/"]}]},{"@type":"BreadcrumbList","@id":"https:\/\/www.kontraolasurftenerife.com\/contacto\/#breadcrumb","itemListElement":[{"@type":"ListItem","position":1,"name":"Portada","item":"https:\/\/www.kontraolasurftenerife.com\/"},{"@type":"ListItem","position":2,"name":"CONTACTO"}]},{"@type":"WebSite","@id":"https:\/\/www.kontraolasurftenerife.com\/#website","url":"https:\/\/www.kontraolasurftenerife.com\/","name":"Kontraola Escuela de Surf","description":"Kontraola Surf School en Tenerife ofrece clases de surf personalizadas para todos los niveles, impartidas por instructores expertos en la hermosa playa de Las Am\u00e9ricas. Nos apasiona ense\u00f1ar surf mientras fomentamos valores como el trabajo en equipo, la perseverancia y el respeto por el oc\u00e9ano.","publisher":{"@id":"https:\/\/www.kontraolasurftenerife.com\/#organization"},"alternateName":"Escuela de Surf en Tenerife","potentialAction":[{"@type":"SearchAction","target":{"@type":"EntryPoint","urlTemplate":"https:\/\/www.kontraolasurftenerife.com\/?s={search_term_string}"},"query-input":{"@type":"PropertyValueSpecification","valueRequired":true,"valueName":"search_term_string"}}],"inLanguage":"en-GB"},{"@type":"Organization","@id":"https:\/\/www.kontraolasurftenerife.com\/#organization","name":"Kontraola Escuela de Surf","alternateName":"Escuela de Surf en Tenerife","url":"https:\/\/www.kontraolasurftenerife.com\/","logo":{"@type":"ImageObject","inLanguage":"en-GB","@id":"https:\/\/www.kontraolasurftenerife.com\/#\/schema\/logo\/image\/","url":"https:\/\/www.kontraolasurftenerife.com\/wp-content\/uploads\/2024\/06\/cropped-logo-kontraola-header.png","contentUrl":"https:\/\/www.kontraolasurftenerife.com\/wp-content\/uploads\/2024\/06\/cropped-logo-kontraola-header.png","width":512,"height":512,"caption":"Kontraola Escuela de Surf"},"image":{"@id":"https:\/\/www.kontraolasurftenerife.com\/#\/schema\/logo\/image\/"},"sameAs":["https:\/\/www.facebook.com\/kontraolasurf","https:\/\/www.instagram.com\/kontraola_surf_tenerife\/?hl=es"]}]}},"_links":{"self":[{"href":"https:\/\/www.kontraolasurftenerife.com\/en\/wp-json\/wp\/v2\/pages\/168","targetHints":{"allow":["GET"]}}],"collection":[{"href":"https:\/\/www.kontraolasurftenerife.com\/en\/wp-json\/wp\/v2\/pages"}],"about":[{"href":"https:\/\/www.kontraolasurftenerife.com\/en\/wp-json\/wp\/v2\/types\/page"}],"author":[{"embeddable":true,"href":"https:\/\/www.kontraolasurftenerife.com\/en\/wp-json\/wp\/v2\/users\/1"}],"replies":[{"embeddable":true,"href":"https:\/\/www.kontraolasurftenerife.com\/en\/wp-json\/wp\/v2\/comments?post=168"}],"version-history":[{"count":17,"href":"https:\/\/www.kontraolasurftenerife.com\/en\/wp-json\/wp\/v2\/pages\/168\/revisions"}],"predecessor-version":[{"id":399,"href":"https:\/\/www.kontraolasurftenerife.com\/en\/wp-json\/wp\/v2\/pages\/168\/revisions\/399"}],"wp:attachment":[{"href":"https:\/\/www.kontraolasurftenerife.com\/en\/wp-json\/wp\/v2\/media?parent=168"}],"curies":[{"name":"wp","href":"https:\/\/api.w.org\/{rel}","templated":true}]}}